{"id":6,"date":"2025-11-01T06:49:56","date_gmt":"2025-11-01T06:49:56","guid":{"rendered":"https:\/\/kizilokyapi.com\/?page_id=6"},"modified":"2025-11-30T18:55:36","modified_gmt":"2025-11-30T18:55:36","slug":"materialis","status":"publish","type":"page","link":"https:\/\/kizilokyapi.com\/","title":{"rendered":"Front Page"},"content":{"rendered":"<div  id=\"overlappable-8\" style=\"background-color: #f5fafd;\" data-label=\"Overlappable\" data-id=\"overlappable-5-materialis\" data-export-id=\"overlappable-5-materialis\" data-category=\"overlappable\" class=\"overlappable-5-materialis content-section content-section-spacing-large\" data-overlap=\"true\"><div  class=\"gridContainer\"> <div  data-type=\"row\" class=\"row spaced-cols \"><div  class=\"col-xs-12 col-sm-6 col-md-4 \"> <div  class=\"card mdc-elevation--z3 row-card\"><div  class=\"row\"> <div  class=\"col-xs-12 col-sm-fit icon-col\" data-fixed=\"true\"><i  class=\"color1 icon mdi mdi-security-home reverse round big\"><\/i><\/div> <div  class=\"col-xs-12 col-sm\" data-type=\"column\"><h4  class=\"color-black\">G\u00fcven<\/h4> <p  class=\"\">15 y\u0131l\u0131 a\u015fm\u0131\u015f sekt\u00f6r deneyimimizle, m\u00fc\u015fterilerimizin g\u00fcvenini kazanmay\u0131 her zaman \u00f6nceli\u011fimiz bildik. S\u00f6z\u00fcm\u00fcz\u00fc tutar, \u00fcr\u00fcnlerinizi zaman\u0131nda ve eksiksiz teslim ederiz.<\/p><\/div> <\/div><\/div> <\/div> <div  class=\"col-xs-12 col-sm-6 col-md-4 \"> <div  class=\"card mdc-elevation--z3 row-card\"> <div  class=\"row\"> <div  class=\"col-xs-12 col-sm-fit icon-col\" data-fixed=\"true\"> <i  class=\"color1 icon mdi mdi-bookmark-check reverse round big\"><\/i><\/div> <div  class=\"col-xs-12 col-sm\" data-type=\"column\"><h4  class=\"color-black\">Kalite<\/h4> <p  class=\"\">Tedarik etti\u011fimiz t\u00fcm \u00fcr\u00fcnlerde&nbsp; kaliteyi esas al\u0131yor, her a\u015famada titiz bir i\u015f takibi sunuyoruz. Sundu\u011fumuz hizmetler ve \u00fcr\u00fcn gruplar\u0131, her zaman g\u00fcncel ve s\u00fcreklilik esas\u0131na dayal\u0131d\u0131r.<\/p><\/div> <\/div><\/div> <\/div> <div  class=\"col-xs-12 col-sm-6 col-md-4 \"> <div  class=\"card mdc-elevation--z3 row-card\"> <div  class=\"row\"> <div  class=\"col-xs-12 col-sm-fit icon-col\" data-fixed=\"true\"> <i  class=\"color1 icon mdi mdi-checkbox-multiple-marked-outline reverse round big\"><\/i><\/div> <div  class=\"col-xs-12 col-sm\" data-type=\"column\"><h4  class=\"color-black\">Deneyim<\/h4> <p  class=\"\">Sekt\u00f6re ad\u0131m att\u0131\u011f\u0131m\u0131z ilk g\u00fcnden bu yana, in\u015faat malzemeleri alan\u0131ndaki uzmanl\u0131\u011f\u0131m\u0131z ve g\u00fcvenilir hizmet anlay\u0131\u015f\u0131m\u0131zla sekt\u00f6rdeki yerimizi sa\u011flamla\u015ft\u0131rd\u0131k. <\/p><\/div> <\/div><\/div> <\/div><\/div> <\/div><\/div><div  id=\"about-6\" style=\"background-color: #f5fafd;\" data-label=\"About\" data-id=\"about-4\" data-export-id=\"about-4\" data-category=\"about\" class=\"about-4 content-section content-section-spacing-large\"><div  class=\"gridContainer\"> <div  class=\"row middle-sm text-center\"><div  class=\"col-sm-5 space-bottom-xs\" data-type=\"column\"> <h5  class=\"\">K\u0131z\u0131lok Yap\u0131 ve \u0130n\u015fa Malzemeleri<\/h5> <h2  class=\"\">Yerel \u00c7\u00f6z\u00fcm Orta\u011f\u0131n\u0131z<br ><span  style=\"font-family: Playfair Display,sans-serif; font-weight: 700; font-style: italic;\" href=\"#\">stoklu ve h\u0131zl\u0131 teslimat<\/span>&nbsp; avantaj\u0131yla!<\/h2> <p  class=\"\">Kaliteli yap\u0131 malzemelerini, en h\u0131zl\u0131 \u015fekilde siz de\u011ferli m\u00fc\u015fterilerimizle bulu\u015fturuyoruz.&nbsp;Geni\u015f stoklar\u0131m\u0131z ve h\u0131zl\u0131 lojistik a\u011f\u0131m\u0131zla, ihtiyac\u0131n\u0131z olan malzemeye k\u0131sa s\u00fcrede ula\u015fman\u0131n rahatl\u0131\u011f\u0131n\u0131 ya\u015fay\u0131n. \u0130n\u015faat demiri, \u00e7elik has\u0131r, tu\u011fla, gazbeton, \u00e7imento ve daha fazlas\u0131. H\u0131zl\u0131 teslimat i\u00e7in geni\u015f stok yap\u0131m\u0131zla b\u00f6lgenizin g\u00fcvenilir tedarik\u00e7isiyiz.<\/p> <a  class=\"button big color1 mdc-ripple-upgraded\" href=\"tel:+905324876511\" target=\"_self\" data-cp-link=\"1\">Hemen Bilgi Al\u0131n!<\/a><\/div> <div  class=\"col-sm-7 flexbox center-xs middle-xs image-group-2-img padding-top-bottom\"> <img  decoding=\"async\" class=\"img-1 rounded mdc-elevation--z10\" data-size=\"250x200\" src=\"https:\/\/kizilokyapi.com\/wp-content\/uploads\/2025\/11\/cropped-fiyatdeposu-standart-urunler-insaat-malzemeleri-900x400w.jpg\"> <img  decoding=\"async\" class=\"img-2 rounded mdc-elevation--z10\" data-size=\"220x170\" src=\"https:\/\/kizilokyapi.com\/wp-content\/uploads\/2025\/11\/cropped-ayaz-yapi.jpg\"><\/div> <\/div><\/div> <\/div><div  id=\"features-2\" style=\"background-color: #ffffff;\" data-label=\"Features\" data-id=\"features-10-materialis\" data-export-id=\"features-10-materialis\" data-category=\"features\" class=\"features-10m content-section-spacing-large content-section\"><div  class=\"gridContainer\"> <div  class=\"row\"><div  class=\"section-title-col\" data-type=\"column\"> <h2  class=\"\">\u00d6ne \u00c7\u0131kan \u00dcr\u00fcnler<\/h2> <p  class=\"\">En \u00e7ok tercih edilen yap\u0131 malzemelerine do\u011frudan ula\u015f\u0131n. Stoktan teslimat avantaj\u0131 ve \u00f6deme se\u00e7enekleri ile geni\u015f \u00fcr\u00fcn gruplar\u0131m\u0131z.<\/p><\/div> <\/div> <div  class=\"row \"> <div  class=\"col-xs-12 col-md-10 col-md-offset-1\"> <div  class=\"row space-top spaced-cols content-center-sm\" data-type=\"row\" data-max-items=\"4\"> <div  class=\"col-xs-10 col-md-4 col-sm-6 col-sm-offset-0 col-xs-offset-1\"> <div  class=\"card no-radius mdc-elevation--z1 y-move bg-color-white padding-24 bordered\" data-type=\"column\">  <h6  class=\"\">\u0130n\u015faat Demirleri<\/h6><img  decoding=\"async\" class=\"custom-image\" src=\"https:\/\/kizilokyapi.com\/wp-content\/uploads\/2025\/11\/demir.webp\"><\/div> <\/div><div  class=\"col-xs-10 col-md-4 col-sm-6 col-sm-offset-0 col-xs-offset-1\"> <div  class=\"card no-radius mdc-elevation--z1 y-move bg-color-white padding-24 bordered\" data-type=\"column\">  <h6  class=\"\">\u00c7elik Has\u0131r \u00c7e\u015fitleri<\/h6><img  decoding=\"async\" class=\"custom-image\" src=\"https:\/\/kizilokyapi.com\/wp-content\/uploads\/2025\/11\/id-celik-hasir.webp\"><\/div> <\/div><div  class=\"col-xs-10 col-md-4 col-sm-6 col-sm-offset-0 col-xs-offset-1\"> <div  class=\"card no-radius mdc-elevation--z1 y-move bg-color-white padding-24 bordered\" data-type=\"column\">  <h6  class=\"\">Gaz Beton \u00c7e\u015fitleri<\/h6><img  decoding=\"async\" class=\"custom-image\" src=\"https:\/\/kizilokyapi.com\/wp-content\/uploads\/2025\/11\/gazbeton-1.jpg\"><\/div> <\/div><div  class=\"col-xs-10 col-md-4 col-sm-6 col-sm-offset-0 col-xs-offset-1\"> <div  class=\"card no-radius mdc-elevation--z1 y-move bg-color-white padding-24 bordered\" data-type=\"column\">  <h6  class=\"\">\u0130n\u015faat Kumlar\u0131<\/h6><img  decoding=\"async\" class=\"custom-image\" src=\"https:\/\/kizilokyapi.com\/wp-content\/uploads\/2025\/11\/kum.png\"><\/div> <\/div>    <div  class=\"col-md-4 col-sm-6 col-sm-offset-0 col-xs-10 col-xs-offset-1\"> <div  class=\"card no-radius mdc-elevation--z1 y-move bg-color-white padding-24 bordered\" data-type=\"column\">  <h6  class=\"\">Tu\u011fla \u00c7e\u015fitleri<\/h6><img  decoding=\"async\" class=\"custom-image\" src=\"https:\/\/kizilokyapi.com\/wp-content\/uploads\/2025\/11\/insaat-tuglasi-fiyatlari.jpg\"><\/div> <\/div> <div  class=\"col-md-4 col-sm-6 col-sm-offset-0 col-xs-10 col-xs-offset-1\"> <div  class=\"card no-radius mdc-elevation--z1 y-move bg-color-white padding-24 bordered\" data-type=\"column\">  <h6  class=\"\">\u00c7imento Gruplar\u0131<\/h6><img  decoding=\"async\" class=\"custom-image\" src=\"https:\/\/kizilokyapi.com\/wp-content\/uploads\/2025\/11\/cimento-25-kg.webp\"><\/div> <\/div><\/div> <\/div><\/div> <\/div><\/div><div  id=\"content-24\" style=\"background-color: #f5fafd;\" data-label=\"Content\" data-id=\"content-7-materialis\" data-export-id=\"content-7-materialis\" data-category=\"content\" class=\"content-7m content-section-spacing-large content-section\"><div  class=\"gridContainer\"> <div  class=\"row middle-sm\"><div  class=\"col-md-6 col-xs-12 col-sm-6 col-padding-small-xs\"> <img  decoding=\"async\" class=\"mdc-elevation--z13 img-rounded\" src=\"https:\/\/kizilokyapi.com\/wp-content\/uploads\/2025\/11\/cropped-sb917-1.jpg\"><\/div> <div  class=\"col-md-5 col-md-offset-1 col-xs-12 col-sm-6 content-left-sm col-padding-small-xs\" data-type=\"column\"><h6  class=\"upper\">hakk\u0131m\u0131zda<\/h6> <h3  class=\"space-bottom\">Bizi Tan\u0131y\u0131n\u2026<\/h3> <p  class=\"space-top\">K\u0131z\u0131lok Demir \u00c7elik&nbsp;LTD. olarak, 2010 y\u0131l\u0131nda \u0130zmir\u2019de kurulduk. Sekt\u00f6re ad\u0131m att\u0131\u011f\u0131m\u0131z ilk g\u00fcnden bu yana, in\u015faat malzemeleri alan\u0131ndaki uzmanl\u0131\u011f\u0131m\u0131z ve g\u00fcvenilir hizmet anlay\u0131\u015f\u0131m\u0131zla sekt\u00f6rdeki yerimizi sa\u011flamla\u015ft\u0131rd\u0131k. Toptan ve perakende sat\u0131\u015f\u0131n yan\u0131 s\u0131ra, y\u00fcksek kaliteli \u00fcr\u00fcn ve m\u00fc\u015fteri memnuniyeti odakl\u0131 anlay\u0131\u015f\u0131m\u0131zla, ihtiya\u00e7lar\u0131n\u0131za en uygun \u00e7\u00f6z\u00fcmleri sunmaya devam ediyoruz.<\/p> <a  href=\"#iletisim\" class=\"button read-more link color1 space-top negative-margin mdc-ripple-upgraded\" target=\"_self\" data-cp-link=\"1\">\u0130leti\u015fim<i  class=\"mdi mdi-arrow-right-thick read-more-icon\"><\/i><\/a><\/div> <\/div><\/div> <\/div><div  data-label=\"Cta\" data-id=\"cta--2\" data-export-id=\"cta-1-materialis\" data-category=\"cta\" class=\"content-relative content-section content-section-spacing-large cta-1-materialis section-title-col-white-text\" data-section-ov=\"1\" data-parallax-depth=\"20\" id=\"cta-2\" style=\"background-color: rgb(255, 255, 255);\"><div  class=\"gridContainer\"> <div  class=\"row text-center col-sm-padding-medium\"><div  class=\"col-md-6 col-md-offset-3 col-xs-10 col-xs-offset-1 card mdc-elevation--z3 box-padding-lr-small\"> <div  data-type=\"column\" class=\"\"><h2  class=\"\">Bilgi Hatt\u0131!<\/h2> <p  class=\"\">Talep, G\u00f6r\u00fc\u015f, \u0130stek ve T\u00fcm sorular\u0131n\u0131z\u0131 Whatsapp Hatt\u0131m\u0131z \u00fczerinden bizlere iletebilirsiniz.<\/p> <a  class=\"button big color1 mdc-elevation--z1 mdc-ripple-upgraded\" href=\"https:\/\/wa.me\/+905324876511\" target=\"_blank\" data-cp-link=\"1\">G\u00fcncel Demir Fiyat\u0131 Al\u0131n!<\/a><\/div> <\/div><\/div> <\/div><\/div><div  data-label=\"GuncelFiyatlar\" data-id=\"content--1\" data-export-id=\"content-5-materialis\" data-category=\"content\" class=\"content-5m content-section-spacing-large content-section\" id=\"guncelfiyatlar\" style=\"background-color: rgb(245, 250, 253);\"><div  class=\"gridContainer\"> <div  class=\"row\"><div  class=\"col-xs-12 col-sm-8 col-sm-offset-2 space-bottom text-center col-padding-small-xs\" data-type=\"column\"> <\/div> <div  class=\"col-xs-12 text-center large\" data-type=\"column\"><h2  class=\"space-bottom\">G\u00fcncel Demir Fiyatlar\u0131<\/h2>  <p  class=\"\"><\/p><p  class=\"\"><div class=\"card analiztablocard\">\n                    <div class=\"card-header  text-3\">\n                        10.04.2026 Demir Fiyatlar\u0131 <span style=\"float:right\"><b>(%20 KDV Dahil Nakliye Hari\u00e7 Fabrika\/Depo Teslim)<\/b><\/span>\n                    <\/div>\n                    <div class=\"card-body\">\n                        <div class=\"table-responsive\">\n                        <table class=\"table table-bordered table-striped table-hover mb-0 analiztablosu\"><thead class=\"thead-dark text-center\">\n                                        <tr>\n                                        <th><\/th><th>Q8 mm<\/th><th>Q10 mm<\/th><th>Q12 mm ve Q32 mm aras\u0131<\/th><\/tr>\n                                   <\/thead>\n                                   <tbody><tr data-bolge=\"1\"><th scope=\"row\">Ankara<\/th><td>33,200 TL<\/td><td>33,200 TL<\/td><td>32,000 TL<\/td><\/tr><tr data-bolge=\"2\"><th scope=\"row\">\u0130stanbul<\/th><td>33,200 TL<\/td><td>33,200 TL<\/td><td>32,000 TL<\/td><\/tr><tr data-bolge=\"3\"><th scope=\"row\">Karab\u00fck<\/th><td>32,650 TL<\/td><td>32,650 TL<\/td><td>31,400 TL<\/td><\/tr><tr data-bolge=\"4\"><th scope=\"row\">Gebze<\/th><td>33,900 TL<\/td><td>33,600 TL<\/td><td>31,800 TL<\/td><\/tr><tr data-bolge=\"5\"><th scope=\"row\">\u0130skenderun<\/th><td>32,400 TL<\/td><td>32,400 TL<\/td><td>31,400 TL<\/td><\/tr><tr data-bolge=\"6\"><th scope=\"row\">\u0130zmir<\/th><td>32,650 TL<\/td><td>32,650 TL<\/td><td>31,400 TL<\/td><\/tr><tr data-bolge=\"7\"><th scope=\"row\">Sivas<\/th><td><\/td><td><\/td><td>32,400 TL<\/td><\/tr><tr data-bolge=\"8\"><th scope=\"row\">Biga<\/th><td>33,000 TL<\/td><td>33,000 TL<\/td><td>31,500 TL<\/td><\/tr><tr data-bolge=\"9\"><th scope=\"row\">Samsun<\/th><td>33,600 TL<\/td><td>33,300 TL<\/td><td>32,000 TL<\/td><\/tr><tr data-bolge=\"10\"><th scope=\"row\">K\u0131r\u0131kkale<\/th><td><\/td><td><\/td><td>31,200 TL<\/td><\/tr><tr data-bolge=\"11\"><th scope=\"row\">Tekirda\u011f<\/th><td>33,300 TL<\/td><td>33,300 TL<\/td><td>31,500 TL<\/td><\/tr><tr data-bolge=\"13\"><th scope=\"row\">Bilecik<\/th><td><\/td><td><\/td><td>30,800 TL<\/td><\/tr><\/tbody>\n                        <\/table>\n                        <\/div>\n                    <\/div>\n                    <\/div><\/p><p  class=\"\"><table class=\"price-list table-responsive-sm\"><thead><tr><th class=\"w-50\">Piyasa Fiyatlar\u0131<\/th><th class=\"text-center\">8 mm<\/th><th class=\"text-center\">10 mm<\/th><th class=\"text-center\">12 mm<\/th><\/tr><\/thead><tbody><tr><td>Ankara<\/td><td class=\"text-center\"><div class=\"d-flex align-items-center justify-content-center last-price\">33.700,00 TL <em class=\"icon icon icon-pause\"><\/em><\/div><\/td><td class=\"text-center\"><div class=\"d-flex align-items-center justify-content-center last-price\">33.700,00 TL <em class=\"icon icon icon-pause\"><\/em><\/div><\/td><td class=\"text-center\"><div class=\"d-flex align-items-center justify-content-center last-price\">32.700,00 TL <em class=\"icon icon icon-pause\"><\/em><\/div><\/td><\/tr><tr><td>Biga<\/td><td class=\"text-center\"><div class=\"d-flex align-items-center justify-content-center last-price\">33.500,00 TL <em class=\"icon icon icon-pause\"><\/em><\/div><\/td><td class=\"text-center\"><div class=\"d-flex align-items-center justify-content-center last-price\">33.500,00 TL <em class=\"icon icon icon-pause\"><\/em><\/div><\/td><td class=\"text-center\"><div class=\"d-flex align-items-center justify-content-center last-price\">32.300,00 TL <em class=\"icon icon icon-pause\"><\/em><\/div><\/td><\/tr><tr><td>Gebze<\/td><td class=\"text-center\"><div class=\"d-flex align-items-center justify-content-center last-price\">34.200,00 TL <em class=\"icon icon icon-pause\"><\/em><\/div><\/td><td class=\"text-center\"><div class=\"d-flex align-items-center justify-content-center last-price\">33.900,00 TL <em class=\"icon icon icon-pause\"><\/em><\/div><\/td><td class=\"text-center\"><div class=\"d-flex align-items-center justify-content-center last-price\">32.200,00 TL <em class=\"icon icon icon-pause\"><\/em><\/div><\/td><\/tr><tr><td>\u0130skenderun Payas<\/td><td class=\"text-center\"><div class=\"d-flex align-items-center justify-content-center last-price\">31.900,00 TL <em class=\"icon icon icon-pause\"><\/em><\/div><\/td><td class=\"text-center\"><div class=\"d-flex align-items-center justify-content-center last-price\">31.900,00 TL <em class=\"icon icon icon-pause\"><\/em><\/div><\/td><td class=\"text-center\"><div class=\"d-flex align-items-center justify-content-center last-price\">31.400,00 TL <em class=\"icon icon icon-pause\"><\/em><\/div><\/td><\/tr><tr><td>\u0130stanbul<\/td><td class=\"text-center\"><div class=\"d-flex align-items-center justify-content-center last-price\">34.300,00 TL <em class=\"icon icon icon-pause\"><\/em><\/div><\/td><td class=\"text-center\"><div class=\"d-flex align-items-center justify-content-center last-price\">34.000,00 TL <em class=\"icon icon icon-pause\"><\/em><\/div><\/td><td class=\"text-center\"><div class=\"d-flex align-items-center justify-content-center last-price\">32.300,00 TL <em class=\"icon icon icon-pause\"><\/em><\/div><\/td><\/tr><tr><td>\u0130zmir<\/td><td class=\"text-center\"><div class=\"d-flex align-items-center justify-content-center last-price\">33.200,00 TL <em class=\"icon icon icon-pause\"><\/em><\/div><\/td><td class=\"text-center\"><div class=\"d-flex align-items-center justify-content-center last-price\">33.200,00 TL <em class=\"icon icon icon-pause\"><\/em><\/div><\/td><td class=\"text-center\"><div class=\"d-flex align-items-center justify-content-center last-price\">32.200,00 TL <em class=\"icon icon icon-pause\"><\/em><\/div><\/td><\/tr><tr><td>Karab\u00fck<\/td><td class=\"text-center\"><div class=\"d-flex align-items-center justify-content-center last-price\">33.400,00 TL <em class=\"icon icon icon-pause\"><\/em><\/div><\/td><td class=\"text-center\"><div class=\"d-flex align-items-center justify-content-center last-price\">33.400,00 TL <em class=\"icon icon icon-pause\"><\/em><\/div><\/td><td class=\"text-center\"><div class=\"d-flex align-items-center justify-content-center last-price\">32.400,00 TL <em class=\"icon icon icon-pause\"><\/em><\/div><\/td><\/tr><\/tbody><\/table><\/p><\/div> <\/div><\/div> <\/div>","protected":false},"excerpt":{"rendered":"","protected":false},"author":1,"featured_media":0,"parent":0,"menu_order":0,"comment_status":"closed","ping_status":"closed","template":"page-templates\/homepage.php","meta":{"footnotes":""},"class_list":["post-6","page","type-page","status-publish","hentry"],"_links":{"self":[{"href":"https:\/\/kizilokyapi.com\/index.php?rest_route=\/wp\/v2\/pages\/6","targetHints":{"allow":["GET"]}}],"collection":[{"href":"https:\/\/kizilokyapi.com\/index.php?rest_route=\/wp\/v2\/pages"}],"about":[{"href":"https:\/\/kizilokyapi.com\/index.php?rest_route=\/wp\/v2\/types\/page"}],"author":[{"embeddable":true,"href":"https:\/\/kizilokyapi.com\/index.php?rest_route=\/wp\/v2\/users\/1"}],"replies":[{"embeddable":true,"href":"https:\/\/kizilokyapi.com\/index.php?rest_route=%2Fwp%2Fv2%2Fcomments&post=6"}],"version-history":[{"count":34,"href":"https:\/\/kizilokyapi.com\/index.php?rest_route=\/wp\/v2\/pages\/6\/revisions"}],"predecessor-version":[{"id":125,"href":"https:\/\/kizilokyapi.com\/index.php?rest_route=\/wp\/v2\/pages\/6\/revisions\/125"}],"wp:attachment":[{"href":"https:\/\/kizilokyapi.com\/index.php?rest_route=%2Fwp%2Fv2%2Fmedia&parent=6"}],"curies":[{"name":"wp","href":"https:\/\/api.w.org\/{rel}","templated":true}]}}